{"id":998,"date":"2019-11-05T19:18:21","date_gmt":"2019-11-05T18:18:21","guid":{"rendered":"https:\/\/aufstellungsrituale.de\/?page_id=998"},"modified":"2025-04-17T16:09:36","modified_gmt":"2025-04-17T14:09:36","slug":"aufstellungsseminar","status":"publish","type":"page","link":"https:\/\/aufstellungsrituale.de\/ro\/seminare\/aufstellungsseminar\/","title":{"rendered":"Constela\u021bia seminar"},"content":{"rendered":"<p><\/p>\n<h1>SEMINARII DE CONSTELA\u021aIE \u00ceN COMBINA\u021aIE CU RITUAL \u0218AMANI<\/h1>\n<p><img loading=\"lazy\" decoding=\"async\" class=\"size-medium wp-image-496 alignleft\" src=\"https:\/\/aufstellungsrituale.de\/wp-content\/uploads\/2018\/11\/kreis-300x225.jpg\" alt=\"\" width=\"300\" height=\"225\" srcset=\"https:\/\/aufstellungsrituale.de\/wp-content\/uploads\/2018\/11\/kreis-300x225.jpg 300w, https:\/\/aufstellungsrituale.de\/wp-content\/uploads\/2018\/11\/kreis-768x576.jpg 768w, https:\/\/aufstellungsrituale.de\/wp-content\/uploads\/2018\/11\/kreis-449x337.jpg 449w, https:\/\/aufstellungsrituale.de\/wp-content\/uploads\/2018\/11\/kreis.jpg 900w\" sizes=\"auto, (max-width: 300px) 100vw, 300px\" \/>Toat\u0103 lumea lucreaz\u0103 totdeauna\u00a0 pe temele lor \u00eempreuna \u00een constela\u021bie ca rituale !<\/p>\n<p>Dragilor cunoscu\u021bi si necunoscu\u021bi!<\/p>\n<p>\u00cen timpurile moderne, omul, tot prin influen\u021ba internetului, \u0219i-a exprimat atitudinea definitorie, prin criteriile \u201elike\u201c etc, care judec\u0103 \u0219i iar judec\u0103 constant totul. Acest lucru transform\u0103 sinapsele creierului nostru conform acestor tipare de g\u00e2ndire \u0219i duce la polarizare \u0219i divizare flagrant\u0103.<\/p>\n<p>Da, p\u00e2n\u0103 la urm\u0103, la r\u0103zboi \u00een interior \u0219i \u00een afar\u0103. Calea de mijloc este pierdut\u0103, a\u0219a cum putem vedea \u0219i \u00een mi\u0219c\u0103rile curentelor noastre sociale.<\/p>\n<p>S\u0103 ne g\u0103sim din nou centrul \u0219i odat\u0103 cu el echilibrul nostru autentic este fundamentul s\u0103n\u0103t\u0103\u021bii mintale, at\u00e2t \u00een interior, c\u00e2t \u0219i \u00een exterior.<\/p>\n<p>\u00cen acest seminar, o atitudine integratoare va fi indus\u0103 cu fermitate, adic\u0103 cu for\u021ba noastr\u0103 de r\u0103d\u0103cin\u0103, astfel \u00eenc\u00e2t vom g\u0103si calea \u0219i puterea de a ne odihni din nou \u00een fiin\u021ba noastr\u0103.<\/p>\n<p>Prin urmare, vom reuni urm\u0103toarele dou\u0103 mari for\u021be de ajutor \u00een acest seminar:<\/p>\n<p>PUTEREA MATURIT\u0102\u021aII REALIZATE &#8211; COOPERARE si<br \/>\nPUTEREA ADUN\u0102RII FIIN\u021aEI NOASTRE \u2013 INTEGRARE, \u0219i le vom reinstala \u00een noi.<\/p>\n<p>Problemele mele sunt acolo a\u0219a cum sunt.<\/p>\n<p>Ele joac\u0103 un rol indispensabil \u00een via\u021ba mea, indiferent dac\u0103 \u00eemi place sau nu! &#8211; Deci, ar fi frumos s\u0103 le cunoa\u0219tem mai bine \u0219i s\u0103 ne \u00eemprietenim cu ele \u00een loc de a ne lupta cu ele.<\/p>\n<p>Face\u021bi contact, \u00een loc s\u0103 privi\u021bi departe. &#8211; Men\u021bine\u021bi apropierea \u0219i ata\u0219amentul fa\u021b\u0103 de \u00eengrijorare, p\u0103stra\u021bi respira\u021bia &#8230; \u0219i, \u00eentreba\u021bi-v\u0103:<\/p>\n<p>Cum pot \u00een\u021belege mai bine? Cum putem lucra \u00eempreun\u0103, problema mea cu mine? &#8211; Exist\u0103 ajutoare puternice pentru aceast\u0103 str\u00e2ns\u0103 cooperare? &#8211; Sigur c\u0103 da, \u0219i \u00eenc\u0103 cum!<\/p>\n<p>PUTEREA ADUN\u0102RII FIIN\u021aEI NOASTRE &#8211; INTEGRARE<\/p>\n<p>A\u0219ezat\u0103 \u00een fiin\u021ba mea, recunosc \u0219i aleg ceea ce este esen\u021bial pentru mine.<\/p>\n<p>Acest esen\u021bial \u00eel a\u0219ez cu aten\u021bie la loc de cinste, ca pe o dulcea\u021b\u0103 rar\u0103, iar tot restul, ce nu este esen\u021bial, ce nu apar\u021bine aici, \u00eel las cu recuno\u0219tin\u021b\u0103 \u00een urm\u0103.<\/p>\n<p>Pentru c\u0103 mo\u0219tenirile mele, cele nerezolvate, nerecunoscute, stau \u0219i persist\u0103, \u00een tot ceea ce m\u0103 doare \u00een interac\u021biunile mele cu mine si cei din jur. De multe ori m-am r\u0103nit \u0219i \u00eenc\u0103 nu au disp\u0103rut.<\/p>\n<p>Le adun pe toate \u00een piept, \u00een inima mea. Imediat \u0219i con\u0219tient, aduc toat\u0103 frustrarea, frica \u0219i durerea s\u0103 se topeasc\u0103. Merg \u00een soba fermecata ai inimii \u0219i le topesc de la plinul emo\u021biilor, p\u00e2n\u0103 la r\u0103coarea bl\u00e2nd\u0103, care pune cap\u0103t la ceea ce se lupt\u0103 \u00een mine \u0219i m\u0103 aduce acum la pace.<\/p>\n<p>Eu, Cornelia Nicola, sunt \u00eentotdeauna foarte con\u0219tient\u0103 c\u0103:<\/p>\n<p>Oricine vine la mine, nu numai el sau ea m-a g\u0103sit, ci au fost condu\u0219i la mine prin str\u0103bunii \u0219i str\u0103bunele lor \u0219i prin ajutoarele lor spirituale. Mereu este a\u0219a.<\/p>\n<p>A\u0219a c\u0103 v\u0103 respect \u00een toat\u0103 fiin\u021ba voastr\u0103 &#8211; ca pe un dar \u0219i o sarcin\u0103, \u0219i m\u0103 \u00eenclin \u00een fa\u021ba tuturor b\u0103rba\u021bilor \u0219i femeilor care \u00ee\u0219i g\u0103sesc drumul c\u0103tre aici!<\/p>\n<p>A\u0219 fi bucuroas\u0103 s\u0103 \u00eendrumez c\u00e2t mai mul\u021bi oameni \u00een acest fel!<\/p>\n<p>CORNELIA NICOLA<\/p>\n<p>Toate datele despre seminarele mele va spune Domnul Aurel Mocanu care ma\u00a0 invita regulat:<\/p>\n<p>Aurel N. A. Mocanu aurelmocanu@yahoo.com<\/p>","protected":false},"excerpt":{"rendered":"<p>SEMINARII DE CONSTELA\u021aIE \u00ceN COMBINA\u021aIE CU RITUAL \u0218AMANI Toat\u0103 lumea lucreaz\u0103 totdeauna\u00a0 pe temele lor \u00eempreuna \u00een constela\u021bie ca rituale ! Dragilor cunoscu\u021bi si necunoscu\u021bi! \u00cen timpurile moderne, omul, tot prin influen\u021ba internetului, \u0219i-a exprimat atitudinea definitorie, prin criteriile \u201elike\u201c etc, care judec\u0103 \u0219i iar judec\u0103 constant totul. Acest lucru &hellip;<\/p>\n","protected":false},"author":2,"featured_media":0,"parent":25,"menu_order":0,"comment_status":"closed","ping_status":"closed","template":"","meta":{"footnotes":""},"class_list":["post-998","page","type-page","status-publish","hentry"],"yoast_head":"<!-- This site is optimized with the Yoast SEO plugin v27.4 - https:\/\/yoast.com\/product\/yoast-seo-wordpress\/ -->\n<title>Constela\u021bia seminar - Ritualul Shaman lucreaz\u0103 \u00eempreun\u0103 cu sistemul Constela\u021biei Ritualurilor Shamanice<\/title>\n<meta name=\"robots\" content=\"index, follow, max-snippet:-1, max-image-preview:large, max-video-preview:-1\" \/>\n<link rel=\"canonical\" href=\"https:\/\/aufstellungsrituale.de\/seminare\/aufstellungsseminar\/\" \/>\n<meta property=\"og:locale\" content=\"ro_RO\" \/>\n<meta property=\"og:type\" content=\"article\" \/>\n<meta property=\"og:title\" content=\"Constela\u021bia seminar - Ritualul Shaman lucreaz\u0103 \u00eempreun\u0103 cu sistemul Constela\u021biei Ritualurilor Shamanice\" \/>\n<meta property=\"og:description\" content=\"SEMINARII DE CONSTELA\u021aIE \u00ceN COMBINA\u021aIE CU RITUAL \u0218AMANI Toat\u0103 lumea lucreaz\u0103 totdeauna\u00a0 pe temele lor \u00eempreuna \u00een constela\u021bie ca rituale ! Dragilor cunoscu\u021bi si necunoscu\u021bi! \u00cen timpurile moderne, omul, tot prin influen\u021ba internetului, \u0219i-a exprimat atitudinea definitorie, prin criteriile \u201elike\u201c etc, care judec\u0103 \u0219i iar judec\u0103 constant totul. Acest lucru &hellip;\" \/>\n<meta property=\"og:url\" content=\"https:\/\/aufstellungsrituale.de\/seminare\/aufstellungsseminar\/\" \/>\n<meta property=\"og:site_name\" content=\"Ritualul Shaman lucreaz\u0103 \u00eempreun\u0103 cu sistemul Constela\u021biei Ritualurilor Shamanice\" \/>\n<meta property=\"article:modified_time\" content=\"2025-04-17T14:09:36+00:00\" \/>\n<meta name=\"twitter:card\" content=\"summary_large_image\" \/>\n<meta name=\"twitter:label1\" content=\"Timp estimat pentru citire\" \/>\n\t<meta name=\"twitter:data1\" content=\"4 minute\" \/>\n<script type=\"application\/ld+json\" class=\"yoast-schema-graph\">{\"@context\":\"https:\\\/\\\/schema.org\",\"@graph\":[{\"@type\":\"WebPage\",\"@id\":\"https:\\\/\\\/aufstellungsrituale.de\\\/seminare\\\/aufstellungsseminar\\\/\",\"url\":\"https:\\\/\\\/aufstellungsrituale.de\\\/seminare\\\/aufstellungsseminar\\\/\",\"name\":\"Constela\u021bia seminar - Ritualul Shaman lucreaz\u0103 \u00eempreun\u0103 cu sistemul Constela\u021biei Ritualurilor Shamanice\",\"isPartOf\":{\"@id\":\"https:\\\/\\\/aufstellungsrituale.de\\\/#website\"},\"primaryImageOfPage\":{\"@id\":\"https:\\\/\\\/aufstellungsrituale.de\\\/seminare\\\/aufstellungsseminar\\\/#primaryimage\"},\"image\":{\"@id\":\"https:\\\/\\\/aufstellungsrituale.de\\\/seminare\\\/aufstellungsseminar\\\/#primaryimage\"},\"thumbnailUrl\":\"https:\\\/\\\/aufstellungsrituale.de\\\/wp-content\\\/uploads\\\/2018\\\/11\\\/kreis-300x225.jpg\",\"datePublished\":\"2019-11-05T18:18:21+00:00\",\"dateModified\":\"2025-04-17T14:09:36+00:00\",\"breadcrumb\":{\"@id\":\"https:\\\/\\\/aufstellungsrituale.de\\\/seminare\\\/aufstellungsseminar\\\/#breadcrumb\"},\"inLanguage\":\"ro-RO\",\"potentialAction\":[{\"@type\":\"ReadAction\",\"target\":[\"https:\\\/\\\/aufstellungsrituale.de\\\/seminare\\\/aufstellungsseminar\\\/\"]}]},{\"@type\":\"ImageObject\",\"inLanguage\":\"ro-RO\",\"@id\":\"https:\\\/\\\/aufstellungsrituale.de\\\/seminare\\\/aufstellungsseminar\\\/#primaryimage\",\"url\":\"https:\\\/\\\/aufstellungsrituale.de\\\/wp-content\\\/uploads\\\/2018\\\/11\\\/kreis-300x225.jpg\",\"contentUrl\":\"https:\\\/\\\/aufstellungsrituale.de\\\/wp-content\\\/uploads\\\/2018\\\/11\\\/kreis-300x225.jpg\"},{\"@type\":\"BreadcrumbList\",\"@id\":\"https:\\\/\\\/aufstellungsrituale.de\\\/seminare\\\/aufstellungsseminar\\\/#breadcrumb\",\"itemListElement\":[{\"@type\":\"ListItem\",\"position\":1,\"name\":\"Startseite\",\"item\":\"https:\\\/\\\/aufstellungsrituale.de\\\/\"},{\"@type\":\"ListItem\",\"position\":2,\"name\":\"seminare\",\"item\":\"https:\\\/\\\/aufstellungsrituale.de\\\/seminare\\\/\"},{\"@type\":\"ListItem\",\"position\":3,\"name\":\"aufstellungsseminar\"}]},{\"@type\":\"WebSite\",\"@id\":\"https:\\\/\\\/aufstellungsrituale.de\\\/#website\",\"url\":\"https:\\\/\\\/aufstellungsrituale.de\\\/\",\"name\":\"Aufstellungsarbeit in Verbindung mit Schamanischer Ritualarbeit\",\"description\":\"finden was wirkt\",\"publisher\":{\"@id\":\"https:\\\/\\\/aufstellungsrituale.de\\\/#organization\"},\"potentialAction\":[{\"@type\":\"SearchAction\",\"target\":{\"@type\":\"EntryPoint\",\"urlTemplate\":\"https:\\\/\\\/aufstellungsrituale.de\\\/?s={search_term_string}\"},\"query-input\":{\"@type\":\"PropertyValueSpecification\",\"valueRequired\":true,\"valueName\":\"search_term_string\"}}],\"inLanguage\":\"ro-RO\"},{\"@type\":\"Organization\",\"@id\":\"https:\\\/\\\/aufstellungsrituale.de\\\/#organization\",\"name\":\"Kreative Beratung - Cornelia Nicola\",\"url\":\"https:\\\/\\\/aufstellungsrituale.de\\\/\",\"logo\":{\"@type\":\"ImageObject\",\"inLanguage\":\"ro-RO\",\"@id\":\"https:\\\/\\\/aufstellungsrituale.de\\\/#\\\/schema\\\/logo\\\/image\\\/\",\"url\":\"https:\\\/\\\/aufstellungsrituale.de\\\/wp-content\\\/uploads\\\/2019\\\/02\\\/logo.gif\",\"contentUrl\":\"https:\\\/\\\/aufstellungsrituale.de\\\/wp-content\\\/uploads\\\/2019\\\/02\\\/logo.gif\",\"width\":195,\"height\":93,\"caption\":\"Kreative Beratung - Cornelia Nicola\"},\"image\":{\"@id\":\"https:\\\/\\\/aufstellungsrituale.de\\\/#\\\/schema\\\/logo\\\/image\\\/\"}}]}<\/script>\n<!-- \/ Yoast SEO plugin. -->","yoast_head_json":{"title":"Constela\u021bia seminar - Ritualul Shaman lucreaz\u0103 \u00eempreun\u0103 cu sistemul Constela\u021biei Ritualurilor Shamanice","robots":{"index":"index","follow":"follow","max-snippet":"max-snippet:-1","max-image-preview":"max-image-preview:large","max-video-preview":"max-video-preview:-1"},"canonical":"https:\/\/aufstellungsrituale.de\/seminare\/aufstellungsseminar\/","og_locale":"ro_RO","og_type":"article","og_title":"Constela\u021bia seminar - Ritualul Shaman lucreaz\u0103 \u00eempreun\u0103 cu sistemul Constela\u021biei Ritualurilor Shamanice","og_description":"SEMINARII DE CONSTELA\u021aIE \u00ceN COMBINA\u021aIE CU RITUAL \u0218AMANI Toat\u0103 lumea lucreaz\u0103 totdeauna\u00a0 pe temele lor \u00eempreuna \u00een constela\u021bie ca rituale ! Dragilor cunoscu\u021bi si necunoscu\u021bi! \u00cen timpurile moderne, omul, tot prin influen\u021ba internetului, \u0219i-a exprimat atitudinea definitorie, prin criteriile \u201elike\u201c etc, care judec\u0103 \u0219i iar judec\u0103 constant totul. Acest lucru &hellip;","og_url":"https:\/\/aufstellungsrituale.de\/seminare\/aufstellungsseminar\/","og_site_name":"Ritualul Shaman lucreaz\u0103 \u00eempreun\u0103 cu sistemul Constela\u021biei Ritualurilor Shamanice","article_modified_time":"2025-04-17T14:09:36+00:00","twitter_card":"summary_large_image","twitter_misc":{"Timp estimat pentru citire":"4 minute"},"schema":{"@context":"https:\/\/schema.org","@graph":[{"@type":"WebPage","@id":"https:\/\/aufstellungsrituale.de\/seminare\/aufstellungsseminar\/","url":"https:\/\/aufstellungsrituale.de\/seminare\/aufstellungsseminar\/","name":"Constela\u021bia seminar - Ritualul Shaman lucreaz\u0103 \u00eempreun\u0103 cu sistemul Constela\u021biei Ritualurilor Shamanice","isPartOf":{"@id":"https:\/\/aufstellungsrituale.de\/#website"},"primaryImageOfPage":{"@id":"https:\/\/aufstellungsrituale.de\/seminare\/aufstellungsseminar\/#primaryimage"},"image":{"@id":"https:\/\/aufstellungsrituale.de\/seminare\/aufstellungsseminar\/#primaryimage"},"thumbnailUrl":"https:\/\/aufstellungsrituale.de\/wp-content\/uploads\/2018\/11\/kreis-300x225.jpg","datePublished":"2019-11-05T18:18:21+00:00","dateModified":"2025-04-17T14:09:36+00:00","breadcrumb":{"@id":"https:\/\/aufstellungsrituale.de\/seminare\/aufstellungsseminar\/#breadcrumb"},"inLanguage":"ro-RO","potentialAction":[{"@type":"ReadAction","target":["https:\/\/aufstellungsrituale.de\/seminare\/aufstellungsseminar\/"]}]},{"@type":"ImageObject","inLanguage":"ro-RO","@id":"https:\/\/aufstellungsrituale.de\/seminare\/aufstellungsseminar\/#primaryimage","url":"https:\/\/aufstellungsrituale.de\/wp-content\/uploads\/2018\/11\/kreis-300x225.jpg","contentUrl":"https:\/\/aufstellungsrituale.de\/wp-content\/uploads\/2018\/11\/kreis-300x225.jpg"},{"@type":"BreadcrumbList","@id":"https:\/\/aufstellungsrituale.de\/seminare\/aufstellungsseminar\/#breadcrumb","itemListElement":[{"@type":"ListItem","position":1,"name":"Startseite","item":"https:\/\/aufstellungsrituale.de\/"},{"@type":"ListItem","position":2,"name":"seminare","item":"https:\/\/aufstellungsrituale.de\/seminare\/"},{"@type":"ListItem","position":3,"name":"aufstellungsseminar"}]},{"@type":"WebSite","@id":"https:\/\/aufstellungsrituale.de\/#website","url":"https:\/\/aufstellungsrituale.de\/","name":"Aufstellungsarbeit in Verbindung mit Schamanischer Ritualarbeit","description":"finden was wirkt","publisher":{"@id":"https:\/\/aufstellungsrituale.de\/#organization"},"potentialAction":[{"@type":"SearchAction","target":{"@type":"EntryPoint","urlTemplate":"https:\/\/aufstellungsrituale.de\/?s={search_term_string}"},"query-input":{"@type":"PropertyValueSpecification","valueRequired":true,"valueName":"search_term_string"}}],"inLanguage":"ro-RO"},{"@type":"Organization","@id":"https:\/\/aufstellungsrituale.de\/#organization","name":"Kreative Beratung - Cornelia Nicola","url":"https:\/\/aufstellungsrituale.de\/","logo":{"@type":"ImageObject","inLanguage":"ro-RO","@id":"https:\/\/aufstellungsrituale.de\/#\/schema\/logo\/image\/","url":"https:\/\/aufstellungsrituale.de\/wp-content\/uploads\/2019\/02\/logo.gif","contentUrl":"https:\/\/aufstellungsrituale.de\/wp-content\/uploads\/2019\/02\/logo.gif","width":195,"height":93,"caption":"Kreative Beratung - Cornelia Nicola"},"image":{"@id":"https:\/\/aufstellungsrituale.de\/#\/schema\/logo\/image\/"}}]}},"_links":{"self":[{"href":"https:\/\/aufstellungsrituale.de\/ro\/wp-json\/wp\/v2\/pages\/998","targetHints":{"allow":["GET"]}}],"collection":[{"href":"https:\/\/aufstellungsrituale.de\/ro\/wp-json\/wp\/v2\/pages"}],"about":[{"href":"https:\/\/aufstellungsrituale.de\/ro\/wp-json\/wp\/v2\/types\/page"}],"author":[{"embeddable":true,"href":"https:\/\/aufstellungsrituale.de\/ro\/wp-json\/wp\/v2\/users\/2"}],"replies":[{"embeddable":true,"href":"https:\/\/aufstellungsrituale.de\/ro\/wp-json\/wp\/v2\/comments?post=998"}],"version-history":[{"count":14,"href":"https:\/\/aufstellungsrituale.de\/ro\/wp-json\/wp\/v2\/pages\/998\/revisions"}],"predecessor-version":[{"id":3264,"href":"https:\/\/aufstellungsrituale.de\/ro\/wp-json\/wp\/v2\/pages\/998\/revisions\/3264"}],"up":[{"embeddable":true,"href":"https:\/\/aufstellungsrituale.de\/ro\/wp-json\/wp\/v2\/pages\/25"}],"wp:attachment":[{"href":"https:\/\/aufstellungsrituale.de\/ro\/wp-json\/wp\/v2\/media?parent=998"}],"curies":[{"name":"wp","href":"https:\/\/api.w.org\/{rel}","templated":true}]}}