{"id":71,"date":"2018-09-17T18:45:34","date_gmt":"2018-09-17T16:45:34","guid":{"rendered":"https:\/\/aufstellungsrituale.de\/?page_id=71"},"modified":"2026-01-19T11:48:48","modified_gmt":"2026-01-19T10:48:48","slug":"terminkalender","status":"publish","type":"page","link":"https:\/\/aufstellungsrituale.de\/ro\/terminkalender\/","title":{"rendered":"jurnal"},"content":{"rendered":"<p class=\"qtranxs-available-languages-message qtranxs-available-languages-message-ro\">Din p\u0103cate acest articol este disponibil doar \u00een <a href=\"https:\/\/aufstellungsrituale.de\/de\/wp-json\/wp\/v2\/pages\/71\" class=\"qtranxs-available-language-link qtranxs-available-language-link-de\" title=\"Deutsch\">Deutsch<\/a>.<\/p>\n","protected":false},"excerpt":{"rendered":"<p>Din p\u0103cate acest articol este disponibil doar \u00een Deutsch.<\/p>\n","protected":false},"author":2,"featured_media":0,"parent":0,"menu_order":0,"comment_status":"closed","ping_status":"closed","template":"","meta":{"footnotes":""},"class_list":["post-71","page","type-page","status-publish","hentry"],"yoast_head":"<!-- This site is optimized with the Yoast SEO plugin v27.4 - https:\/\/yoast.com\/product\/yoast-seo-wordpress\/ -->\n<title>(Deutsch) jurnal - Aufstellungsarbeit | Sindhu Cornelia Nicola in Freiburg<\/title>\n<meta name=\"description\" content=\"(Deutsch) Der Terminkalender 2019 f\u00fcr die Schamanische Aufstellungsrituale, Seminare und workshops in Freiburg mit Sindhu Cornelia Nicola.\" \/>\n<meta name=\"robots\" content=\"index, follow, max-snippet:-1, max-image-preview:large, max-video-preview:-1\" \/>\n<link rel=\"canonical\" href=\"https:\/\/aufstellungsrituale.de\/terminkalender\/\" \/>\n<meta property=\"og:locale\" content=\"ro_RO\" \/>\n<meta property=\"og:type\" content=\"article\" \/>\n<meta property=\"og:title\" content=\"[:de]jurnal - Aufstellungsarbeit | Sindhu Cornelia Nicola in Freiburg[:]\" \/>\n<meta property=\"og:description\" content=\"{:de}Der Terminkalender 2019 f\u00fcr die Schamanische Aufstellungsrituale, Seminare und workshops in Freiburg mit Sindhu Cornelia Nicola.{:}\" \/>\n<meta property=\"og:url\" content=\"https:\/\/aufstellungsrituale.de\/terminkalender\/\" \/>\n<meta property=\"og:site_name\" content=\"Ritualul Shaman lucreaz\u0103 \u00eempreun\u0103 cu sistemul Constela\u021biei Ritualurilor Shamanice\" \/>\n<meta property=\"article:modified_time\" content=\"2026-01-19T10:48:48+00:00\" \/>\n<meta name=\"twitter:card\" content=\"summary_large_image\" \/>\n<meta name=\"twitter:label1\" content=\"Timp estimat pentru citire\" \/>\n\t<meta name=\"twitter:data1\" content=\"1 minut\" \/>\n<script type=\"application\/ld+json\" class=\"yoast-schema-graph\">{\"@context\":\"https:\\\/\\\/schema.org\",\"@graph\":[{\"@type\":\"WebPage\",\"@id\":\"https:\\\/\\\/aufstellungsrituale.de\\\/terminkalender\\\/\",\"url\":\"https:\\\/\\\/aufstellungsrituale.de\\\/terminkalender\\\/\",\"name\":\"[:de]jurnal - Aufstellungsarbeit | Sindhu Cornelia Nicola in Freiburg[:]\",\"isPartOf\":{\"@id\":\"https:\\\/\\\/aufstellungsrituale.de\\\/#website\"},\"datePublished\":\"2018-09-17T16:45:34+00:00\",\"dateModified\":\"2026-01-19T10:48:48+00:00\",\"description\":\"{:de}Der Terminkalender 2019 f\u00fcr die Schamanische Aufstellungsrituale, Seminare und workshops in Freiburg mit Sindhu Cornelia Nicola.{:}\",\"breadcrumb\":{\"@id\":\"https:\\\/\\\/aufstellungsrituale.de\\\/terminkalender\\\/#breadcrumb\"},\"inLanguage\":\"ro-RO\",\"potentialAction\":[{\"@type\":\"ReadAction\",\"target\":[\"https:\\\/\\\/aufstellungsrituale.de\\\/terminkalender\\\/\"]}]},{\"@type\":\"BreadcrumbList\",\"@id\":\"https:\\\/\\\/aufstellungsrituale.de\\\/terminkalender\\\/#breadcrumb\",\"itemListElement\":[{\"@type\":\"ListItem\",\"position\":1,\"name\":\"Startseite\",\"item\":\"https:\\\/\\\/aufstellungsrituale.de\\\/\"},{\"@type\":\"ListItem\",\"position\":2,\"name\":\"terminkalender\"}]},{\"@type\":\"WebSite\",\"@id\":\"https:\\\/\\\/aufstellungsrituale.de\\\/#website\",\"url\":\"https:\\\/\\\/aufstellungsrituale.de\\\/\",\"name\":\"Aufstellungsarbeit in Verbindung mit Schamanischer Ritualarbeit\",\"description\":\"finden was wirkt\",\"publisher\":{\"@id\":\"https:\\\/\\\/aufstellungsrituale.de\\\/#organization\"},\"potentialAction\":[{\"@type\":\"SearchAction\",\"target\":{\"@type\":\"EntryPoint\",\"urlTemplate\":\"https:\\\/\\\/aufstellungsrituale.de\\\/?s={search_term_string}\"},\"query-input\":{\"@type\":\"PropertyValueSpecification\",\"valueRequired\":true,\"valueName\":\"search_term_string\"}}],\"inLanguage\":\"ro-RO\"},{\"@type\":\"Organization\",\"@id\":\"https:\\\/\\\/aufstellungsrituale.de\\\/#organization\",\"name\":\"Kreative Beratung - Cornelia Nicola\",\"url\":\"https:\\\/\\\/aufstellungsrituale.de\\\/\",\"logo\":{\"@type\":\"ImageObject\",\"inLanguage\":\"ro-RO\",\"@id\":\"https:\\\/\\\/aufstellungsrituale.de\\\/#\\\/schema\\\/logo\\\/image\\\/\",\"url\":\"https:\\\/\\\/aufstellungsrituale.de\\\/wp-content\\\/uploads\\\/2019\\\/02\\\/logo.gif\",\"contentUrl\":\"https:\\\/\\\/aufstellungsrituale.de\\\/wp-content\\\/uploads\\\/2019\\\/02\\\/logo.gif\",\"width\":195,\"height\":93,\"caption\":\"Kreative Beratung - Cornelia Nicola\"},\"image\":{\"@id\":\"https:\\\/\\\/aufstellungsrituale.de\\\/#\\\/schema\\\/logo\\\/image\\\/\"}}]}<\/script>\n<!-- \/ Yoast SEO plugin. -->","yoast_head_json":{"title":"(Deutsch) jurnal - Aufstellungsarbeit | Sindhu Cornelia Nicola in Freiburg","description":"(Deutsch) Der Terminkalender 2019 f\u00fcr die Schamanische Aufstellungsrituale, Seminare und workshops in Freiburg mit Sindhu Cornelia Nicola.","robots":{"index":"index","follow":"follow","max-snippet":"max-snippet:-1","max-image-preview":"max-image-preview:large","max-video-preview":"max-video-preview:-1"},"canonical":"https:\/\/aufstellungsrituale.de\/terminkalender\/","og_locale":"ro_RO","og_type":"article","og_title":"[:de]jurnal - Aufstellungsarbeit | Sindhu Cornelia Nicola in Freiburg[:]","og_description":"{:de}Der Terminkalender 2019 f\u00fcr die Schamanische Aufstellungsrituale, Seminare und workshops in Freiburg mit Sindhu Cornelia Nicola.{:}","og_url":"https:\/\/aufstellungsrituale.de\/terminkalender\/","og_site_name":"Ritualul Shaman lucreaz\u0103 \u00eempreun\u0103 cu sistemul Constela\u021biei Ritualurilor Shamanice","article_modified_time":"2026-01-19T10:48:48+00:00","twitter_card":"summary_large_image","twitter_misc":{"Timp estimat pentru citire":"1 minut"},"schema":{"@context":"https:\/\/schema.org","@graph":[{"@type":"WebPage","@id":"https:\/\/aufstellungsrituale.de\/terminkalender\/","url":"https:\/\/aufstellungsrituale.de\/terminkalender\/","name":"[:de]jurnal - Aufstellungsarbeit | Sindhu Cornelia Nicola in Freiburg[:]","isPartOf":{"@id":"https:\/\/aufstellungsrituale.de\/#website"},"datePublished":"2018-09-17T16:45:34+00:00","dateModified":"2026-01-19T10:48:48+00:00","description":"{:de}Der Terminkalender 2019 f\u00fcr die Schamanische Aufstellungsrituale, Seminare und workshops in Freiburg mit Sindhu Cornelia Nicola.{:}","breadcrumb":{"@id":"https:\/\/aufstellungsrituale.de\/terminkalender\/#breadcrumb"},"inLanguage":"ro-RO","potentialAction":[{"@type":"ReadAction","target":["https:\/\/aufstellungsrituale.de\/terminkalender\/"]}]},{"@type":"BreadcrumbList","@id":"https:\/\/aufstellungsrituale.de\/terminkalender\/#breadcrumb","itemListElement":[{"@type":"ListItem","position":1,"name":"Startseite","item":"https:\/\/aufstellungsrituale.de\/"},{"@type":"ListItem","position":2,"name":"terminkalender"}]},{"@type":"WebSite","@id":"https:\/\/aufstellungsrituale.de\/#website","url":"https:\/\/aufstellungsrituale.de\/","name":"Aufstellungsarbeit in Verbindung mit Schamanischer Ritualarbeit","description":"finden was wirkt","publisher":{"@id":"https:\/\/aufstellungsrituale.de\/#organization"},"potentialAction":[{"@type":"SearchAction","target":{"@type":"EntryPoint","urlTemplate":"https:\/\/aufstellungsrituale.de\/?s={search_term_string}"},"query-input":{"@type":"PropertyValueSpecification","valueRequired":true,"valueName":"search_term_string"}}],"inLanguage":"ro-RO"},{"@type":"Organization","@id":"https:\/\/aufstellungsrituale.de\/#organization","name":"Kreative Beratung - Cornelia Nicola","url":"https:\/\/aufstellungsrituale.de\/","logo":{"@type":"ImageObject","inLanguage":"ro-RO","@id":"https:\/\/aufstellungsrituale.de\/#\/schema\/logo\/image\/","url":"https:\/\/aufstellungsrituale.de\/wp-content\/uploads\/2019\/02\/logo.gif","contentUrl":"https:\/\/aufstellungsrituale.de\/wp-content\/uploads\/2019\/02\/logo.gif","width":195,"height":93,"caption":"Kreative Beratung - Cornelia Nicola"},"image":{"@id":"https:\/\/aufstellungsrituale.de\/#\/schema\/logo\/image\/"}}]}},"_links":{"self":[{"href":"https:\/\/aufstellungsrituale.de\/ro\/wp-json\/wp\/v2\/pages\/71","targetHints":{"allow":["GET"]}}],"collection":[{"href":"https:\/\/aufstellungsrituale.de\/ro\/wp-json\/wp\/v2\/pages"}],"about":[{"href":"https:\/\/aufstellungsrituale.de\/ro\/wp-json\/wp\/v2\/types\/page"}],"author":[{"embeddable":true,"href":"https:\/\/aufstellungsrituale.de\/ro\/wp-json\/wp\/v2\/users\/2"}],"replies":[{"embeddable":true,"href":"https:\/\/aufstellungsrituale.de\/ro\/wp-json\/wp\/v2\/comments?post=71"}],"version-history":[{"count":69,"href":"https:\/\/aufstellungsrituale.de\/ro\/wp-json\/wp\/v2\/pages\/71\/revisions"}],"predecessor-version":[{"id":3438,"href":"https:\/\/aufstellungsrituale.de\/ro\/wp-json\/wp\/v2\/pages\/71\/revisions\/3438"}],"wp:attachment":[{"href":"https:\/\/aufstellungsrituale.de\/ro\/wp-json\/wp\/v2\/media?parent=71"}],"curies":[{"name":"wp","href":"https:\/\/api.w.org\/{rel}","templated":true}]}}