{"id":69,"date":"2018-09-17T18:45:23","date_gmt":"2018-09-17T16:45:23","guid":{"rendered":"https:\/\/aufstellungsrituale.de\/?page_id=69"},"modified":"2025-05-23T09:54:38","modified_gmt":"2025-05-23T07:54:38","slug":"einzelsitzungen","status":"publish","type":"page","link":"https:\/\/aufstellungsrituale.de\/ro\/einzelsitzungen\/","title":{"rendered":"Sesiuni private"},"content":{"rendered":"<p>Din cauza pandemie sa \u021bin toate sesiunile prin telefon\u00a0 <strong>0049761 4763376 <\/strong><\/p>\n<p>sau prin Microsoft Teams <strong>sindhu.niza<\/strong><\/p>\n<h1>Oferte \u0219i informa\u021bii despre Ritualul \u0218amanic, Constelatie \u0219i Consilierea Creativ\u0103 cu <em>Sindhu Niza<\/em> Cornelia NICOLA<\/h1>\n<h3>Sesiuni private<\/h3>\n<p>Consilierea creativ\u0103 pentru oricine dore\u0219te: comunicare respectuoas\u0103 cu ei \u00een\u0219i\u0219i, cei din jurul lor, inclusiv cu str\u0103mo\u0219ii lor \u0219i care doresc s\u0103 aib\u0103 acces la surse puternice de ajutor pentru problemele lor de zi cu zi.<\/p>\n<h3>Ritualul \u0218amanic<\/h3>\n<p>\u00cen acest context, este vorba despre activarea puterilor superioare cu care noi oamenii suntem conecta\u021bi. Participantul nu are nevoie s\u0103 fac\u0103 nimic &#8211; se va face pentru el \/ ea:<\/p>\n<p>prin ritualuri \u0219amanice, c\u0103l\u0103torii, rug\u0103ciune, c\u00e2ntec \u0219i a\u0219a mai departe.<\/p>\n<p><strong>Ca femeie practic<\/strong><strong>\u0103<\/strong><strong> apreciez rezultatele orientate spre solu<\/strong><strong>\u021b<\/strong><strong>ii.<\/strong><\/p>\n<p><a href=\"https:\/\/aufstellungsrituale.de\/kontakt\/\">Aranjamentele pentru \u00eent\u00e2lniri pentru Sesiunile Private \/ Ritual \u0218amanic<\/a><\/p>\n<p>Sesiunea: 90 minute<\/p>\n<p>Pre\u021bul: 80 \u20ac inclusiv Tax\u0103 de lux<\/p>\n","protected":false},"excerpt":{"rendered":"<p>Din cauza pandemie sa \u021bin toate sesiunile prin telefon\u00a0 0049761 4763376 sau prin Microsoft Teams sindhu.niza Oferte \u0219i informa\u021bii despre Ritualul \u0218amanic, Constelatie \u0219i Consilierea Creativ\u0103 cu Sindhu Niza Cornelia NICOLA Sesiuni private Consilierea creativ\u0103 pentru oricine dore\u0219te: comunicare respectuoas\u0103 cu ei \u00een\u0219i\u0219i, cei din jurul lor, inclusiv cu str\u0103mo\u0219ii &hellip;<\/p>\n","protected":false},"author":2,"featured_media":0,"parent":0,"menu_order":0,"comment_status":"closed","ping_status":"closed","template":"","meta":{"footnotes":""},"class_list":["post-69","page","type-page","status-publish","hentry"],"yoast_head":"<!-- This site is optimized with the Yoast SEO plugin v27.4 - https:\/\/yoast.com\/product\/yoast-seo-wordpress\/ -->\n<title>Sesiuni private - Ritualul Shaman lucreaz\u0103 \u00eempreun\u0103 cu sistemul Constela\u021biei Ritualurilor Shamanice<\/title>\n<meta name=\"robots\" content=\"index, follow, max-snippet:-1, max-image-preview:large, max-video-preview:-1\" \/>\n<link rel=\"canonical\" href=\"https:\/\/aufstellungsrituale.de\/einzelsitzungen\/\" \/>\n<meta property=\"og:locale\" content=\"ro_RO\" \/>\n<meta property=\"og:type\" content=\"article\" \/>\n<meta property=\"og:title\" content=\"Sesiuni private - Ritualul Shaman lucreaz\u0103 \u00eempreun\u0103 cu sistemul Constela\u021biei Ritualurilor Shamanice\" \/>\n<meta property=\"og:description\" content=\"Din cauza pandemie sa \u021bin toate sesiunile prin telefon\u00a0 0049761 4763376 sau prin Microsoft Teams sindhu.niza Oferte \u0219i informa\u021bii despre Ritualul \u0218amanic, Constelatie \u0219i Consilierea Creativ\u0103 cu Sindhu Niza Cornelia NICOLA Sesiuni private Consilierea creativ\u0103 pentru oricine dore\u0219te: comunicare respectuoas\u0103 cu ei \u00een\u0219i\u0219i, cei din jurul lor, inclusiv cu str\u0103mo\u0219ii &hellip;\" \/>\n<meta property=\"og:url\" content=\"https:\/\/aufstellungsrituale.de\/einzelsitzungen\/\" \/>\n<meta property=\"og:site_name\" content=\"Ritualul Shaman lucreaz\u0103 \u00eempreun\u0103 cu sistemul Constela\u021biei Ritualurilor Shamanice\" \/>\n<meta property=\"article:modified_time\" content=\"2025-05-23T07:54:38+00:00\" \/>\n<meta property=\"og:image\" content=\"https:\/\/aufstellungsrituale.de\/wp-content\/uploads\/2018\/12\/Unterschrift.jpg\" \/>\n\t<meta property=\"og:image:width\" content=\"736\" \/>\n\t<meta property=\"og:image:height\" content=\"272\" \/>\n\t<meta property=\"og:image:type\" content=\"image\/jpeg\" \/>\n<meta name=\"twitter:card\" content=\"summary_large_image\" \/>\n<meta name=\"twitter:label1\" content=\"Timp estimat pentru citire\" \/>\n\t<meta name=\"twitter:data1\" content=\"1 minut\" \/>\n<script type=\"application\/ld+json\" class=\"yoast-schema-graph\">{\"@context\":\"https:\\\/\\\/schema.org\",\"@graph\":[{\"@type\":\"WebPage\",\"@id\":\"https:\\\/\\\/aufstellungsrituale.de\\\/einzelsitzungen\\\/\",\"url\":\"https:\\\/\\\/aufstellungsrituale.de\\\/einzelsitzungen\\\/\",\"name\":\"Sesiuni private - Ritualul Shaman lucreaz\u0103 \u00eempreun\u0103 cu sistemul Constela\u021biei Ritualurilor Shamanice\",\"isPartOf\":{\"@id\":\"https:\\\/\\\/aufstellungsrituale.de\\\/#website\"},\"datePublished\":\"2018-09-17T16:45:23+00:00\",\"dateModified\":\"2025-05-23T07:54:38+00:00\",\"breadcrumb\":{\"@id\":\"https:\\\/\\\/aufstellungsrituale.de\\\/einzelsitzungen\\\/#breadcrumb\"},\"inLanguage\":\"ro-RO\",\"potentialAction\":[{\"@type\":\"ReadAction\",\"target\":[\"https:\\\/\\\/aufstellungsrituale.de\\\/einzelsitzungen\\\/\"]}]},{\"@type\":\"BreadcrumbList\",\"@id\":\"https:\\\/\\\/aufstellungsrituale.de\\\/einzelsitzungen\\\/#breadcrumb\",\"itemListElement\":[{\"@type\":\"ListItem\",\"position\":1,\"name\":\"Startseite\",\"item\":\"https:\\\/\\\/aufstellungsrituale.de\\\/\"},{\"@type\":\"ListItem\",\"position\":2,\"name\":\"einzelsitzungen\"}]},{\"@type\":\"WebSite\",\"@id\":\"https:\\\/\\\/aufstellungsrituale.de\\\/#website\",\"url\":\"https:\\\/\\\/aufstellungsrituale.de\\\/\",\"name\":\"Aufstellungsarbeit in Verbindung mit Schamanischer Ritualarbeit\",\"description\":\"finden was wirkt\",\"publisher\":{\"@id\":\"https:\\\/\\\/aufstellungsrituale.de\\\/#organization\"},\"potentialAction\":[{\"@type\":\"SearchAction\",\"target\":{\"@type\":\"EntryPoint\",\"urlTemplate\":\"https:\\\/\\\/aufstellungsrituale.de\\\/?s={search_term_string}\"},\"query-input\":{\"@type\":\"PropertyValueSpecification\",\"valueRequired\":true,\"valueName\":\"search_term_string\"}}],\"inLanguage\":\"ro-RO\"},{\"@type\":\"Organization\",\"@id\":\"https:\\\/\\\/aufstellungsrituale.de\\\/#organization\",\"name\":\"Kreative Beratung - Cornelia Nicola\",\"url\":\"https:\\\/\\\/aufstellungsrituale.de\\\/\",\"logo\":{\"@type\":\"ImageObject\",\"inLanguage\":\"ro-RO\",\"@id\":\"https:\\\/\\\/aufstellungsrituale.de\\\/#\\\/schema\\\/logo\\\/image\\\/\",\"url\":\"https:\\\/\\\/aufstellungsrituale.de\\\/wp-content\\\/uploads\\\/2019\\\/02\\\/logo.gif\",\"contentUrl\":\"https:\\\/\\\/aufstellungsrituale.de\\\/wp-content\\\/uploads\\\/2019\\\/02\\\/logo.gif\",\"width\":195,\"height\":93,\"caption\":\"Kreative Beratung - Cornelia Nicola\"},\"image\":{\"@id\":\"https:\\\/\\\/aufstellungsrituale.de\\\/#\\\/schema\\\/logo\\\/image\\\/\"}}]}<\/script>\n<!-- \/ Yoast SEO plugin. -->","yoast_head_json":{"title":"Sesiuni private - Ritualul Shaman lucreaz\u0103 \u00eempreun\u0103 cu sistemul Constela\u021biei Ritualurilor Shamanice","robots":{"index":"index","follow":"follow","max-snippet":"max-snippet:-1","max-image-preview":"max-image-preview:large","max-video-preview":"max-video-preview:-1"},"canonical":"https:\/\/aufstellungsrituale.de\/einzelsitzungen\/","og_locale":"ro_RO","og_type":"article","og_title":"Sesiuni private - Ritualul Shaman lucreaz\u0103 \u00eempreun\u0103 cu sistemul Constela\u021biei Ritualurilor Shamanice","og_description":"Din cauza pandemie sa \u021bin toate sesiunile prin telefon\u00a0 0049761 4763376 sau prin Microsoft Teams sindhu.niza Oferte \u0219i informa\u021bii despre Ritualul \u0218amanic, Constelatie \u0219i Consilierea Creativ\u0103 cu Sindhu Niza Cornelia NICOLA Sesiuni private Consilierea creativ\u0103 pentru oricine dore\u0219te: comunicare respectuoas\u0103 cu ei \u00een\u0219i\u0219i, cei din jurul lor, inclusiv cu str\u0103mo\u0219ii &hellip;","og_url":"https:\/\/aufstellungsrituale.de\/einzelsitzungen\/","og_site_name":"Ritualul Shaman lucreaz\u0103 \u00eempreun\u0103 cu sistemul Constela\u021biei Ritualurilor Shamanice","article_modified_time":"2025-05-23T07:54:38+00:00","og_image":[{"width":736,"height":272,"url":"https:\/\/aufstellungsrituale.de\/wp-content\/uploads\/2018\/12\/Unterschrift.jpg","type":"image\/jpeg"}],"twitter_card":"summary_large_image","twitter_misc":{"Timp estimat pentru citire":"1 minut"},"schema":{"@context":"https:\/\/schema.org","@graph":[{"@type":"WebPage","@id":"https:\/\/aufstellungsrituale.de\/einzelsitzungen\/","url":"https:\/\/aufstellungsrituale.de\/einzelsitzungen\/","name":"Sesiuni private - Ritualul Shaman lucreaz\u0103 \u00eempreun\u0103 cu sistemul Constela\u021biei Ritualurilor Shamanice","isPartOf":{"@id":"https:\/\/aufstellungsrituale.de\/#website"},"datePublished":"2018-09-17T16:45:23+00:00","dateModified":"2025-05-23T07:54:38+00:00","breadcrumb":{"@id":"https:\/\/aufstellungsrituale.de\/einzelsitzungen\/#breadcrumb"},"inLanguage":"ro-RO","potentialAction":[{"@type":"ReadAction","target":["https:\/\/aufstellungsrituale.de\/einzelsitzungen\/"]}]},{"@type":"BreadcrumbList","@id":"https:\/\/aufstellungsrituale.de\/einzelsitzungen\/#breadcrumb","itemListElement":[{"@type":"ListItem","position":1,"name":"Startseite","item":"https:\/\/aufstellungsrituale.de\/"},{"@type":"ListItem","position":2,"name":"einzelsitzungen"}]},{"@type":"WebSite","@id":"https:\/\/aufstellungsrituale.de\/#website","url":"https:\/\/aufstellungsrituale.de\/","name":"Aufstellungsarbeit in Verbindung mit Schamanischer Ritualarbeit","description":"finden was wirkt","publisher":{"@id":"https:\/\/aufstellungsrituale.de\/#organization"},"potentialAction":[{"@type":"SearchAction","target":{"@type":"EntryPoint","urlTemplate":"https:\/\/aufstellungsrituale.de\/?s={search_term_string}"},"query-input":{"@type":"PropertyValueSpecification","valueRequired":true,"valueName":"search_term_string"}}],"inLanguage":"ro-RO"},{"@type":"Organization","@id":"https:\/\/aufstellungsrituale.de\/#organization","name":"Kreative Beratung - Cornelia Nicola","url":"https:\/\/aufstellungsrituale.de\/","logo":{"@type":"ImageObject","inLanguage":"ro-RO","@id":"https:\/\/aufstellungsrituale.de\/#\/schema\/logo\/image\/","url":"https:\/\/aufstellungsrituale.de\/wp-content\/uploads\/2019\/02\/logo.gif","contentUrl":"https:\/\/aufstellungsrituale.de\/wp-content\/uploads\/2019\/02\/logo.gif","width":195,"height":93,"caption":"Kreative Beratung - Cornelia Nicola"},"image":{"@id":"https:\/\/aufstellungsrituale.de\/#\/schema\/logo\/image\/"}}]}},"_links":{"self":[{"href":"https:\/\/aufstellungsrituale.de\/ro\/wp-json\/wp\/v2\/pages\/69","targetHints":{"allow":["GET"]}}],"collection":[{"href":"https:\/\/aufstellungsrituale.de\/ro\/wp-json\/wp\/v2\/pages"}],"about":[{"href":"https:\/\/aufstellungsrituale.de\/ro\/wp-json\/wp\/v2\/types\/page"}],"author":[{"embeddable":true,"href":"https:\/\/aufstellungsrituale.de\/ro\/wp-json\/wp\/v2\/users\/2"}],"replies":[{"embeddable":true,"href":"https:\/\/aufstellungsrituale.de\/ro\/wp-json\/wp\/v2\/comments?post=69"}],"version-history":[{"count":49,"href":"https:\/\/aufstellungsrituale.de\/ro\/wp-json\/wp\/v2\/pages\/69\/revisions"}],"predecessor-version":[{"id":3280,"href":"https:\/\/aufstellungsrituale.de\/ro\/wp-json\/wp\/v2\/pages\/69\/revisions\/3280"}],"wp:attachment":[{"href":"https:\/\/aufstellungsrituale.de\/ro\/wp-json\/wp\/v2\/media?parent=69"}],"curies":[{"name":"wp","href":"https:\/\/api.w.org\/{rel}","templated":true}]}}