{"id":61,"date":"2018-09-17T18:43:52","date_gmt":"2018-09-17T16:43:52","guid":{"rendered":"https:\/\/aufstellungsrituale.de\/?page_id=61"},"modified":"2025-01-29T16:28:02","modified_gmt":"2025-01-29T15:28:02","slug":"jahresgruppe","status":"publish","type":"page","link":"https:\/\/aufstellungsrituale.de\/ro\/seminare\/jahresgruppe\/","title":{"rendered":"(Deutsch) jahresgruppe"},"content":{"rendered":"<p class=\"qtranxs-available-languages-message qtranxs-available-languages-message-ro\">Din p\u0103cate acest articol este disponibil doar \u00een <a href=\"https:\/\/aufstellungsrituale.de\/de\/wp-json\/wp\/v2\/pages\/61\" class=\"qtranxs-available-language-link qtranxs-available-language-link-de\" title=\"Deutsch\">Deutsch<\/a> \u0219i <a href=\"https:\/\/aufstellungsrituale.de\/en\/wp-json\/wp\/v2\/pages\/61\" class=\"qtranxs-available-language-link qtranxs-available-language-link-en\" title=\"English\">English<\/a>.<\/p>\n","protected":false},"excerpt":{"rendered":"<p>Din p\u0103cate acest articol este disponibil doar \u00een Deutsch \u0219i English.<\/p>\n","protected":false},"author":2,"featured_media":0,"parent":25,"menu_order":0,"comment_status":"closed","ping_status":"closed","template":"","meta":{"footnotes":""},"class_list":["post-61","page","type-page","status-publish","hentry"],"yoast_head":"<!-- This site is optimized with the Yoast SEO plugin v27.4 - https:\/\/yoast.com\/product\/yoast-seo-wordpress\/ -->\n<title>(Deutsch) Schamanische Jahresgruppe - Freiburg -<\/title>\n<meta name=\"robots\" content=\"index, follow, max-snippet:-1, max-image-preview:large, max-video-preview:-1\" \/>\n<link rel=\"canonical\" href=\"https:\/\/aufstellungsrituale.de\/seminare\/jahresgruppe\/\" \/>\n<meta property=\"og:locale\" content=\"ro_RO\" \/>\n<meta property=\"og:type\" content=\"article\" \/>\n<meta property=\"og:title\" content=\"[:de]Schamanische Jahresgruppe - Freiburg - [:]\" \/>\n<meta property=\"og:description\" content=\"Din p\u0103cate acest articol este disponibil doar \u00een Deutsch \u0219i English.\" \/>\n<meta property=\"og:url\" content=\"https:\/\/aufstellungsrituale.de\/seminare\/jahresgruppe\/\" \/>\n<meta property=\"og:site_name\" content=\"Ritualul Shaman lucreaz\u0103 \u00eempreun\u0103 cu sistemul Constela\u021biei Ritualurilor Shamanice\" \/>\n<meta property=\"article:modified_time\" content=\"2025-01-29T15:28:02+00:00\" \/>\n<meta property=\"og:image\" content=\"https:\/\/aufstellungsrituale.de\/wp-content\/uploads\/2018\/12\/skulptur-undendlich.jpg\" \/>\n\t<meta property=\"og:image:width\" content=\"987\" \/>\n\t<meta property=\"og:image:height\" content=\"1758\" \/>\n\t<meta property=\"og:image:type\" content=\"image\/jpeg\" \/>\n<meta name=\"twitter:card\" content=\"summary_large_image\" \/>\n<meta name=\"twitter:label1\" content=\"Timp estimat pentru citire\" \/>\n\t<meta name=\"twitter:data1\" content=\"4 minute\" \/>\n<script type=\"application\/ld+json\" class=\"yoast-schema-graph\">{\"@context\":\"https:\\\/\\\/schema.org\",\"@graph\":[{\"@type\":\"WebPage\",\"@id\":\"https:\\\/\\\/aufstellungsrituale.de\\\/seminare\\\/jahresgruppe\\\/\",\"url\":\"https:\\\/\\\/aufstellungsrituale.de\\\/seminare\\\/jahresgruppe\\\/\",\"name\":\"[:de]Schamanische Jahresgruppe - Freiburg - [:]\",\"isPartOf\":{\"@id\":\"https:\\\/\\\/aufstellungsrituale.de\\\/#website\"},\"datePublished\":\"2018-09-17T16:43:52+00:00\",\"dateModified\":\"2025-01-29T15:28:02+00:00\",\"breadcrumb\":{\"@id\":\"https:\\\/\\\/aufstellungsrituale.de\\\/seminare\\\/jahresgruppe\\\/#breadcrumb\"},\"inLanguage\":\"ro-RO\",\"potentialAction\":[{\"@type\":\"ReadAction\",\"target\":[\"https:\\\/\\\/aufstellungsrituale.de\\\/seminare\\\/jahresgruppe\\\/\"]}]},{\"@type\":\"BreadcrumbList\",\"@id\":\"https:\\\/\\\/aufstellungsrituale.de\\\/seminare\\\/jahresgruppe\\\/#breadcrumb\",\"itemListElement\":[{\"@type\":\"ListItem\",\"position\":1,\"name\":\"Startseite\",\"item\":\"https:\\\/\\\/aufstellungsrituale.de\\\/\"},{\"@type\":\"ListItem\",\"position\":2,\"name\":\"seminare\",\"item\":\"https:\\\/\\\/aufstellungsrituale.de\\\/seminare\\\/\"},{\"@type\":\"ListItem\",\"position\":3,\"name\":\"jahresgruppe\"}]},{\"@type\":\"WebSite\",\"@id\":\"https:\\\/\\\/aufstellungsrituale.de\\\/#website\",\"url\":\"https:\\\/\\\/aufstellungsrituale.de\\\/\",\"name\":\"Aufstellungsarbeit in Verbindung mit Schamanischer Ritualarbeit\",\"description\":\"finden was wirkt\",\"publisher\":{\"@id\":\"https:\\\/\\\/aufstellungsrituale.de\\\/#organization\"},\"potentialAction\":[{\"@type\":\"SearchAction\",\"target\":{\"@type\":\"EntryPoint\",\"urlTemplate\":\"https:\\\/\\\/aufstellungsrituale.de\\\/?s={search_term_string}\"},\"query-input\":{\"@type\":\"PropertyValueSpecification\",\"valueRequired\":true,\"valueName\":\"search_term_string\"}}],\"inLanguage\":\"ro-RO\"},{\"@type\":\"Organization\",\"@id\":\"https:\\\/\\\/aufstellungsrituale.de\\\/#organization\",\"name\":\"Kreative Beratung - Cornelia Nicola\",\"url\":\"https:\\\/\\\/aufstellungsrituale.de\\\/\",\"logo\":{\"@type\":\"ImageObject\",\"inLanguage\":\"ro-RO\",\"@id\":\"https:\\\/\\\/aufstellungsrituale.de\\\/#\\\/schema\\\/logo\\\/image\\\/\",\"url\":\"https:\\\/\\\/aufstellungsrituale.de\\\/wp-content\\\/uploads\\\/2019\\\/02\\\/logo.gif\",\"contentUrl\":\"https:\\\/\\\/aufstellungsrituale.de\\\/wp-content\\\/uploads\\\/2019\\\/02\\\/logo.gif\",\"width\":195,\"height\":93,\"caption\":\"Kreative Beratung - Cornelia Nicola\"},\"image\":{\"@id\":\"https:\\\/\\\/aufstellungsrituale.de\\\/#\\\/schema\\\/logo\\\/image\\\/\"}}]}<\/script>\n<!-- \/ Yoast SEO plugin. -->","yoast_head_json":{"title":"(Deutsch) Schamanische Jahresgruppe - Freiburg -","robots":{"index":"index","follow":"follow","max-snippet":"max-snippet:-1","max-image-preview":"max-image-preview:large","max-video-preview":"max-video-preview:-1"},"canonical":"https:\/\/aufstellungsrituale.de\/seminare\/jahresgruppe\/","og_locale":"ro_RO","og_type":"article","og_title":"[:de]Schamanische Jahresgruppe - Freiburg - [:]","og_description":"Din p\u0103cate acest articol este disponibil doar \u00een Deutsch \u0219i English.","og_url":"https:\/\/aufstellungsrituale.de\/seminare\/jahresgruppe\/","og_site_name":"Ritualul Shaman lucreaz\u0103 \u00eempreun\u0103 cu sistemul Constela\u021biei Ritualurilor Shamanice","article_modified_time":"2025-01-29T15:28:02+00:00","og_image":[{"width":987,"height":1758,"url":"https:\/\/aufstellungsrituale.de\/wp-content\/uploads\/2018\/12\/skulptur-undendlich.jpg","type":"image\/jpeg"}],"twitter_card":"summary_large_image","twitter_misc":{"Timp estimat pentru citire":"4 minute"},"schema":{"@context":"https:\/\/schema.org","@graph":[{"@type":"WebPage","@id":"https:\/\/aufstellungsrituale.de\/seminare\/jahresgruppe\/","url":"https:\/\/aufstellungsrituale.de\/seminare\/jahresgruppe\/","name":"[:de]Schamanische Jahresgruppe - Freiburg - [:]","isPartOf":{"@id":"https:\/\/aufstellungsrituale.de\/#website"},"datePublished":"2018-09-17T16:43:52+00:00","dateModified":"2025-01-29T15:28:02+00:00","breadcrumb":{"@id":"https:\/\/aufstellungsrituale.de\/seminare\/jahresgruppe\/#breadcrumb"},"inLanguage":"ro-RO","potentialAction":[{"@type":"ReadAction","target":["https:\/\/aufstellungsrituale.de\/seminare\/jahresgruppe\/"]}]},{"@type":"BreadcrumbList","@id":"https:\/\/aufstellungsrituale.de\/seminare\/jahresgruppe\/#breadcrumb","itemListElement":[{"@type":"ListItem","position":1,"name":"Startseite","item":"https:\/\/aufstellungsrituale.de\/"},{"@type":"ListItem","position":2,"name":"seminare","item":"https:\/\/aufstellungsrituale.de\/seminare\/"},{"@type":"ListItem","position":3,"name":"jahresgruppe"}]},{"@type":"WebSite","@id":"https:\/\/aufstellungsrituale.de\/#website","url":"https:\/\/aufstellungsrituale.de\/","name":"Aufstellungsarbeit in Verbindung mit Schamanischer Ritualarbeit","description":"finden was wirkt","publisher":{"@id":"https:\/\/aufstellungsrituale.de\/#organization"},"potentialAction":[{"@type":"SearchAction","target":{"@type":"EntryPoint","urlTemplate":"https:\/\/aufstellungsrituale.de\/?s={search_term_string}"},"query-input":{"@type":"PropertyValueSpecification","valueRequired":true,"valueName":"search_term_string"}}],"inLanguage":"ro-RO"},{"@type":"Organization","@id":"https:\/\/aufstellungsrituale.de\/#organization","name":"Kreative Beratung - Cornelia Nicola","url":"https:\/\/aufstellungsrituale.de\/","logo":{"@type":"ImageObject","inLanguage":"ro-RO","@id":"https:\/\/aufstellungsrituale.de\/#\/schema\/logo\/image\/","url":"https:\/\/aufstellungsrituale.de\/wp-content\/uploads\/2019\/02\/logo.gif","contentUrl":"https:\/\/aufstellungsrituale.de\/wp-content\/uploads\/2019\/02\/logo.gif","width":195,"height":93,"caption":"Kreative Beratung - Cornelia Nicola"},"image":{"@id":"https:\/\/aufstellungsrituale.de\/#\/schema\/logo\/image\/"}}]}},"_links":{"self":[{"href":"https:\/\/aufstellungsrituale.de\/ro\/wp-json\/wp\/v2\/pages\/61","targetHints":{"allow":["GET"]}}],"collection":[{"href":"https:\/\/aufstellungsrituale.de\/ro\/wp-json\/wp\/v2\/pages"}],"about":[{"href":"https:\/\/aufstellungsrituale.de\/ro\/wp-json\/wp\/v2\/types\/page"}],"author":[{"embeddable":true,"href":"https:\/\/aufstellungsrituale.de\/ro\/wp-json\/wp\/v2\/users\/2"}],"replies":[{"embeddable":true,"href":"https:\/\/aufstellungsrituale.de\/ro\/wp-json\/wp\/v2\/comments?post=61"}],"version-history":[{"count":25,"href":"https:\/\/aufstellungsrituale.de\/ro\/wp-json\/wp\/v2\/pages\/61\/revisions"}],"predecessor-version":[{"id":2141,"href":"https:\/\/aufstellungsrituale.de\/ro\/wp-json\/wp\/v2\/pages\/61\/revisions\/2141"}],"up":[{"embeddable":true,"href":"https:\/\/aufstellungsrituale.de\/ro\/wp-json\/wp\/v2\/pages\/25"}],"wp:attachment":[{"href":"https:\/\/aufstellungsrituale.de\/ro\/wp-json\/wp\/v2\/media?parent=61"}],"curies":[{"name":"wp","href":"https:\/\/api.w.org\/{rel}","templated":true}]}}